{"id":5516,"date":"2024-11-22T12:13:15","date_gmt":"2024-11-22T11:13:15","guid":{"rendered":"https:\/\/bj-weilersbach.de\/?page_id=5516"},"modified":"2025-08-26T08:22:02","modified_gmt":"2025-08-26T06:22:02","slug":"herbstfest-2025","status":"publish","type":"page","link":"https:\/\/bj-weilersbach.de\/?page_id=5516","title":{"rendered":"Herbstfest 2025"},"content":{"rendered":"\n<h2 class=\"wp-block-heading has-text-align-center\">MEGA SCHLAGERPARTY MIT PAPIS PUMPELS<\/h2>\n\n\n<div class=\"wp-block-image\">\n<figure class=\"aligncenter size-full\"><a href=\"https:\/\/www.schlager-bodensee.de\/\" target=\"_blank\" rel=\"noreferrer noopener\"><img loading=\"lazy\" decoding=\"async\" width=\"617\" height=\"512\" src=\"https:\/\/bj-weilersbach.de\/wp-content\/uploads\/2024\/11\/Logo_PapisPumpels_2025.jpg\" alt=\"\" class=\"wp-image-5522\" srcset=\"https:\/\/bj-weilersbach.de\/wp-content\/uploads\/2024\/11\/Logo_PapisPumpels_2025.jpg 617w, https:\/\/bj-weilersbach.de\/wp-content\/uploads\/2024\/11\/Logo_PapisPumpels_2025-300x249.jpg 300w\" sizes=\"auto, (max-width: 617px) 100vw, 617px\" \/><\/a><\/figure>\n<\/div>\n\n\n<p>Nach dem gro\u00dfen Erfolg bei unserem Herbstfest 2023 feiern wir am <strong>11. Oktober 2025<\/strong> in der <strong>Gl\u00f6ckenberghalle in VS-Weilersbach<\/strong> noch einmal mit EUCH die MEGA-SCHLAGERPARTY mit DER Kult-Band vom Bodensee:<\/p>\n\n\n<div class=\"wp-block-image\">\n<figure class=\"aligncenter size-medium\"><a href=\"https:\/\/www.schlager-bodensee.de\/\" target=\"_blank\" rel=\"noreferrer noopener\"><img loading=\"lazy\" decoding=\"async\" width=\"300\" height=\"164\" src=\"https:\/\/bj-weilersbach.de\/wp-content\/uploads\/2019\/11\/Pumpels_Logo_farbig_250x160mm_RGB-300x164.jpg\" alt=\"\" class=\"wp-image-5101\" srcset=\"https:\/\/bj-weilersbach.de\/wp-content\/uploads\/2019\/11\/Pumpels_Logo_farbig_250x160mm_RGB-300x164.jpg 300w, https:\/\/bj-weilersbach.de\/wp-content\/uploads\/2019\/11\/Pumpels_Logo_farbig_250x160mm_RGB-768x419.jpg 768w, https:\/\/bj-weilersbach.de\/wp-content\/uploads\/2019\/11\/Pumpels_Logo_farbig_250x160mm_RGB-1024x558.jpg 1024w\" sizes=\"auto, (max-width: 300px) 100vw, 300px\" \/><\/a><\/figure>\n<\/div>\n\n\n<p>Seit  \u00fcber einem Jahrzehnt begeistern der Papi und seine acht Pumpels ihr  Publikum. Egal ob bei den unz\u00e4hligen Konzerten quer durch die Republik, bei Special-Events wie  den legend\u00e4ren Schlagerbooten auf dem Bodensee oder bei vielen  Fernsehauftritten &#8211; sie verspr\u00fchen ihre gute Laune und heizen dem Publikum ordentlich ein. <\/p>\n\n\n\n<hr class=\"wp-block-separator has-css-opacity\"\/>\n\n\n<div class=\"wp-block-image\">\n<figure class=\"aligncenter size-full\"><img loading=\"lazy\" decoding=\"async\" width=\"957\" height=\"430\" src=\"https:\/\/bj-weilersbach.de\/wp-content\/uploads\/2024\/11\/papis_pumpels_live.jpg\" alt=\"\" class=\"wp-image-5525\" srcset=\"https:\/\/bj-weilersbach.de\/wp-content\/uploads\/2024\/11\/papis_pumpels_live.jpg 957w, https:\/\/bj-weilersbach.de\/wp-content\/uploads\/2024\/11\/papis_pumpels_live-300x135.jpg 300w, https:\/\/bj-weilersbach.de\/wp-content\/uploads\/2024\/11\/papis_pumpels_live-768x345.jpg 768w\" sizes=\"auto, (max-width: 957px) 100vw, 957px\" \/><\/figure>\n<\/div>\n\n\n<hr class=\"wp-block-separator has-css-opacity\"\/>\n\n\n\n<p>Die  Pumpels sind keine klassische Party- oder Coverband. Sie interpretieren  die 70er-Schlager neu \u2013 verpumpeln die Songs \u2013&nbsp;und die Auftritte haben sich schon lange zu  einer Schlagershow mit Konzertcharakter entwickelt. Eine Pumpelnacht ist ein bunter Mix aus hochkar\u00e4tiger Musik und jeder Menge Aktion und Spa\u00df auf der B\u00fchne. <\/p>\n\n\n\n<hr class=\"wp-block-separator has-css-opacity\"\/>\n\n\n\n<figure class=\"wp-block-embed is-type-video is-provider-youtube wp-block-embed-youtube wp-embed-aspect-16-9 wp-has-aspect-ratio\"><div class=\"wp-block-embed__wrapper\">\n<iframe loading=\"lazy\" title=\"Papis Pumpels - Eine neue Liebe (SWR Fernsehen)\" width=\"696\" height=\"392\" src=\"https:\/\/www.youtube.com\/embed\/byY7p-r7eiA?feature=oembed\" frameborder=\"0\" allow=\"accelerometer; autoplay; clipboard-write; encrypted-media; gyroscope; picture-in-picture; web-share\" referrerpolicy=\"strict-origin-when-cross-origin\" allowfullscreen><\/iframe>\n<\/div><figcaption class=\"wp-element-caption\">Papis Pumpels bei der Live-Sendung &#8222;SWR on Tour&#8220;<\/figcaption><\/figure>\n\n\n\n<hr class=\"wp-block-separator has-alpha-channel-opacity\"\/>\n\n\n\n<div class=\"wp-block-columns is-layout-flex wp-container-core-columns-is-layout-9d6595d7 wp-block-columns-is-layout-flex\">\n<div class=\"wp-block-column is-layout-flow wp-block-column-is-layout-flow\" style=\"flex-basis:33.33%\">\n<h3 class=\"wp-block-heading\">Termin:<br>Ort:<br>Preise:<br>Einlass:<br>Beginn:<br>Freie Platzwahl<\/h3>\n<\/div>\n\n\n\n<div class=\"wp-block-column is-layout-flow wp-block-column-is-layout-flow\" style=\"flex-basis:66.66%\">\n<h3 class=\"wp-block-heading\">11. Oktober 2025<br>Gl\u00f6ckenberghalle VS-Weilersbach<br>VVK: 18,- \u20ac  |  Abendkasse: 21,- \u20ac<br>19:00 Uhr<br>20:30 Uhr<\/h3>\n<\/div>\n<\/div>\n\n\n\n<hr class=\"wp-block-separator has-alpha-channel-opacity\"\/>\n\n\n\n<div class=\"wp-block-buttons is-content-justification-center is-layout-flex wp-container-core-buttons-is-layout-5e6b19ed wp-block-buttons-is-layout-flex\">\n<div class=\"wp-block-button is-style-fill\"><a class=\"wp-block-button__link wp-element-button\" href=\"https:\/\/mv-weilersbach.de\/1460-2\/\" target=\"_blank\" rel=\"noreferrer noopener\">Ticket-Shop<\/a><\/div>\n<\/div>\n\n\n\n<p><strong>Tickets sind auch erh\u00e4ltlich bei:<\/strong><br>&#8211; Ortsverwaltung Weilersbach<br>&#8211; GROMA-Schuh, Industriestra\u00dfe 2, 78052 VS-Weilersbach<br>&#8211; Hofl\u00e4dele Schillerhof, Weilersbacher Str. 141, 78056 VS-Schwenningen<br>&#8211; sowie bei allen Musiker \/ -innen.<\/p>\n\n\n\n<p>Rollstuhlfahrer + Begleitperson bezahlen nur einmal Eintritt<\/p>\n\n\n\n<p><\/p>\n","protected":false},"excerpt":{"rendered":"<p>MEGA SCHLAGERPARTY MIT PAPIS PUMPELS Nach dem gro\u00dfen Erfolg bei unserem Herbstfest 2023 feiern wir am 11. Oktober 2025 in der Gl\u00f6ckenberghalle in VS-Weilersbach noch einmal mit EUCH die MEGA-SCHLAGERPARTY<\/p><\/div>\n<div class=\"blog-btn\"><a href=\"https:\/\/bj-weilersbach.de\/?page_id=5516\" class=\"home-blog-btn\">Weiterlesen<\/a><\/p>\n","protected":false},"author":1,"featured_media":0,"parent":0,"menu_order":0,"comment_status":"closed","ping_status":"closed","template":"","meta":{"_lmt_disableupdate":"no","_lmt_disable":"","footnotes":""},"class_list":["post-5516","page","type-page","status-publish","hentry"],"_links":{"self":[{"href":"https:\/\/bj-weilersbach.de\/index.php?rest_route=\/wp\/v2\/pages\/5516","targetHints":{"allow":["GET"]}}],"collection":[{"href":"https:\/\/bj-weilersbach.de\/index.php?rest_route=\/wp\/v2\/pages"}],"about":[{"href":"https:\/\/bj-weilersbach.de\/index.php?rest_route=\/wp\/v2\/types\/page"}],"author":[{"embeddable":true,"href":"https:\/\/bj-weilersbach.de\/index.php?rest_route=\/wp\/v2\/users\/1"}],"replies":[{"embeddable":true,"href":"https:\/\/bj-weilersbach.de\/index.php?rest_route=%2Fwp%2Fv2%2Fcomments&post=5516"}],"version-history":[{"count":8,"href":"https:\/\/bj-weilersbach.de\/index.php?rest_route=\/wp\/v2\/pages\/5516\/revisions"}],"predecessor-version":[{"id":5574,"href":"https:\/\/bj-weilersbach.de\/index.php?rest_route=\/wp\/v2\/pages\/5516\/revisions\/5574"}],"wp:attachment":[{"href":"https:\/\/bj-weilersbach.de\/index.php?rest_route=%2Fwp%2Fv2%2Fmedia&parent=5516"}],"curies":[{"name":"wp","href":"https:\/\/api.w.org\/{rel}","templated":true}]}}