{"id":210,"date":"2018-08-31T23:02:07","date_gmt":"2018-08-31T22:02:07","guid":{"rendered":"http:\/\/bj-weilersbach.de\/?page_id=210"},"modified":"2018-08-31T23:09:36","modified_gmt":"2018-08-31T22:09:36","slug":"die-geschichte-der-blaeserjugend-weilersbach-e-v","status":"publish","type":"page","link":"https:\/\/bj-weilersbach.de\/?page_id=210","title":{"rendered":"Chronik"},"content":{"rendered":"<h1>Die Geschichte der Bl\u00e4serjugend Weilersbach e. V.<\/h1>\n<h2>Die Urspr\u00fcnge<\/h2>\n<p>Die Jugendarbeit wurde im Musikverein Weilersbach seit jeher gro\u00df geschrieben. Bis zur offiziellen Vereinsgr\u00fcndung der Bl\u00e4serjugend Weilersbach fand die Jugendarbeit unter dem Dach des Muttervereins statt. Eine erste spielf\u00e4hige Jugendkapelle wurde unter der Stabf\u00fchrung des verdienten Musikers Josef Hirt Anfang der 60-er Jahre auf die Beine gestellt. Josef Herbst, aktiver Fl\u00fcgelhornist aus den Reihen des Musikvereins, \u00fcbernahm die Leitung der Jugendkapelle Anfang der 70-er Jahre.<\/p>\n<p>Die damaligen Auftritte fanden bei Altennachmittagen im Pfarrhaus, bei Weihnachtsfeiern oder sonstigen kleineren Anl\u00e4ssen wie St. Martinsumz\u00fcgen oder Fasnet-Veranstaltungen statt. Ende der 70-er Jahre nahm die Jugendkapelle unter Dirigent Herbst erfolgreich bei einem Wertungsspiel in Tennenbronn teil.<\/p>\n<h2>Die Bl\u00e4serjugend im MV-Weilersbach e. V.<\/h2>\n<p>Eine steigende Anzahl an Jugendlichen f\u00fchrte Anfang der 80-er Jahre dazu, dass eine eigenst\u00e4ndige Bl\u00e4serjugend ins Leben gerufen werden musste. Weiterhin waren es finanzielle Angelegenheiten, die schlie\u00dflich 1987 zur Gr\u00fcndung der \u201eBl\u00e4serjugend im Musikverein Weilersbach e.V.\u201c f\u00fchrten. Am 17.01.1987 wurde in der Generalversammlung in der Sportheimgastst\u00e4tte die erste gew\u00e4hlte Vorstandschaft der Bl\u00e4serjugend eingesetzt. Der 1. Vorsitzende war Eduard Stucke, 2. Vorsitzender war Franz Huber, das Schriftf\u00fchreramt wurde von Rolf Hirt besetzt, Kassier wurde Peter Schleicher, der ebenso den Taktstock der Bl\u00e4serjugend \u00fcbernahm. Diese Vorstandschaft f\u00fchrte die Bl\u00e4serjugend und den Musikverein in Personalunion, was sich \u00fcber 20 Jahre lang bew\u00e4hrte.<\/p>\n<p>1988 nahm die Bl\u00e4serjugend beim Verbandsmusikfest in Klengen teil. Beim Konzert der Jugendkapellen gab die noch junge Kapelle neben weiteren Orchestern aus dem Verbandsgebiet am Samstagmittag im Festzelt eine Kostprobe ihres K\u00f6nnens ab.<\/p>\n<p>Beim 100-j\u00e4hrigen Jubil\u00e4um des Musikvereins Weilersbach, das vom 24.06. bis 27.06.1988 gefeiert wurde, fand am Samstagmittag ein Tag der Jugendkapellen statt. Mit vielen Orchestern aus der n\u00e4heren Umgebung gestaltete die Kapelle unter Leitung von Peter Schleicher einen kurzweiligen Unterhaltungsnachmittag im Festzelt. Im Herbst unternahm die Bl\u00e4serjugend eine Radtour an den Teuffensee in Fischbach, wo die Jugendlichen bei allerlei Spiel &amp; Spa\u00df einen sch\u00f6nen Tag verbringen. Am Lagerfeuer wurde ausgiebig gegrillt, bevor man die Heimfahrt in Richtung Weilersbach antrat.<\/p>\n<p>Beim Jahreskonzert 1989 pr\u00e4sentierte sich der Musikernachwuchs in einer neuen Einheitskleidung: schwarze Hose, wei\u00dfes Hemd, schwarze Schleife, gelber Pullover. Ein unvergesslicher H\u00fcttenaufenthalt fand vom 13.10. bis 15.10.89 in Zams \/ \u00d6sterreich statt. W\u00e4hrend dreier harmonischer Tage wurde die Kameradschaft ausgiebig gepflegt und gefestigt. Anfang Dezember spielte die Bl\u00e4serjugend zum ersten Mal auf dem Stuttgarter Weihnachtsmarkt, weitere erfolgreiche Auftritte in der Landeshauptstadt sollten folgen.<\/p>\n<p>1994 fand in Breisach ein Internationales Jugendkapellentreffen statt. Am Samstagabend nahm die Bl\u00e4serjugend bei einem Triple-Konzert in der Festhalle in Oberrotweil statt. Nachdem der offizielle Konzertteil erfolgreich bestritten werden konnte, sa\u00df man noch lange in Oberrotweil gem\u00fctlich zusammen. Erst als das Aufr\u00e4umkommando begann, die St\u00fchle hochzustellen, verabschiedete sich die Bl\u00e4serjugend von der Festhalle.<\/p>\n<p>Im Fr\u00fchjahr 1997 beteiligte sich die die Bl\u00e4serjugend beim Umzug und Massenchor der Jugendkapellen anl\u00e4sslich des 25-j\u00e4hrigen Jubil\u00e4ums der Jugendkapelle \u201eHarmonie\u201c Tennenbronn.<\/p>\n<p>Im Sommer 1997 feierte die Bl\u00e4serjugend ihr 10-j\u00e4hriges Jubil\u00e4um.\u00a0 Mit einem viert\u00e4gigen Zeltfest auf dem Dorfplatz wurde dem Jubil\u00e4um ein w\u00fcrdiger Rahmen verliehen. Die damals noch aktiven Gr\u00fcndungsmitglieder Peter Schleicher, Harald Schmidt, Dietmar Patz, Brigitte Schleicher, Rudolf Schleicher, Sandra Laufer, Dieter Grie\u00dfhaber, Ulrike Stern und Andreas Mink erhielten f\u00fcr ihre Treue zum Verein vom Vorsitzenden Eduard Stucke ein Pr\u00e4sent \u00fcberreicht. F\u00fcr einen tollen Samstagabend im Festzelt sorgte die Comedy-Gruppe \u201eMark \u00b4n Simon\u201c. Mehrere Jugendkapellen spielten w\u00e4hrend der vier Tage im Festzelt f\u00fcr die G\u00e4ste auf.<\/p>\n<p>Beim Jahreskonzert 1998 \u00fcbergab Peter Schleicher nach elfj\u00e4hriger, erfolgreicher Arbeit, den Taktstock und somit die musikalische Verantwortung der Bl\u00e4serjugend an die aktive Musikerin Brigitte Schleicher.<\/p>\n<p>2001 fand in Weilersbach auf dem Festplatz vom 08.06. bis 10.06. das Kreisjugendzeltlager der Jugendfeuerwehren des Schwarzwald-Baar-Kreises statt. Zur Lagerer\u00f6ffnung am Freitagabend sowie zum Schlussappell am Sonntagmittag \u00fcbernahm die Bl\u00e4serjugend die musikalische Umrahmung.<\/p>\n<p>Im Sommer 2002 lud die Bl\u00e4serjugend ihre Mitglieder wieder auf einen mehrt\u00e4gigen H\u00fcttenaufenthalt ein. Ziel war der Haldenhof in Wildgutach. Am Samstag konnte man auf Schusters Rappen die Gegend rund um das Simonsw\u00e4lder Tal erkundigen. Unter anderem wurden die Zweribachwasserf\u00e4lle und der Plattensee samt dazugeh\u00f6rigem Hofgut erwandert. Beim Lagerfeuer am Samstagabend gab es ausreichend Grillgut und Salat zum Verzehr. Am Sonntagmorgen wurde die H\u00fctte wieder auf Vordermann gebracht, ehe die Eltern ihre Kinder am Nachmittag in Wildgutach abholen konnten. Bei der Hochzeit der Dirigentin Brigitte Schleicher mit dem aktiven Musiker Stefan Hirt umrahmte die Bl\u00e4serjugend mit einem Liedbeitrag die Hochzeitsmesse in der Kirche in Weilersbach.<\/p>\n<p>2004 fand in Weilersbach vom 12.06. bis 13.06. der \u201eJugend macht Musik\u201c-Tag statt.\u00a0 Er\u00f6ffnet wurde dieses zweit\u00e4gige Ereignis mit einem Discoabend der \u201eSoundsurfer\u201c. Am Sonntag f\u00fchrte ein bunter Umzug verschiedener Jugendkapellen aus dem Verbandsgebiet durch Weilersbach. Im Anschluss spielten alle Jugendlichen auf der Freib\u00fchne hinter der Halle in einem Massenchor unter der Leitung von Stadtmusik-Direktor Markus F\u00e4rber zwei Musikst\u00fccke.<\/p>\n<p>Beim Jugenkapellentreffen 2005 in Bruchsal war unsere Bl\u00e4serjugend wieder mit am Start. Am ersten Adventssonntag 2005 war die Bl\u00e4serjugend der Konzertpartner der Jugendkapelle der Stadtmusik Schwenningen. In der Aula des Gymnasiums am Deutenberg gab die Jugendkapelle eine sehr gute musikalische Leistung ab.<\/p>\n<p>Ein unruhiges Jahr stand der Bl\u00e4serjugend 2006 bevor. Aus privaten Gr\u00fcnden zog sich Brigitte Hirt aus der musikalischen Verantwortung der Bl\u00e4serjugend zur\u00fcck. Philipp Eschbach, in musikalischen Fachkreisen kein Unbekannter, erkl\u00e4rte sich bereit, die Bl\u00e4serjugend zu \u00fcbernehmen. Unter seiner Regie fand in Fischbach erstmalig ein Jugendkonzert mit einem Partnerorchester statt. Im November 2006 musste die Vorstandschaft Hr. Eschbach jedoch bereits wieder k\u00fcndigen. Pl\u00f6tzlich stand die Bl\u00e4serjugend innerhalb eines Jahres zum zweiten Mal ohne musikalischen Leiter da. Der \u00dcberredungskunst einiger Jungmusikerinnen war es zu verdanken, dass sich Peter Schleicher entschloss, das Dirigentenamt in der Bl\u00e4serjugend ein weiteres Mal zu \u00fcbernehmen, jedoch nur \u00fcbergangsweise, bis ein passender Ersatz gefunden werden konnte.<\/p>\n<p>Im Mai 2007 wurde mit der Verpflichtung von Andrea Adler, einem Eigengew\u00e4chs aus den Reihen der Jugend, als neue Frau am Taktstock ein wahrer Gl\u00fccksgriff getan. Unter ihrer Regie entwickelte sich die Jugendkapelle zu einem wohlgeformten Klangk\u00f6rper, der mit Jugendlichen aus dem befreundeten Musikverein Fischbach musikalisch komplettiert wurde.<\/p>\n<p>Beim Jugenkapellentreffen vom 30.05. bis 01.06.2008 in Schw\u00e4bisch Hall wurden drei erlebnisreiche Tage verbracht. Die Teilnahme an der SWR3-Dance-Night war sicher der au\u00dfermusikalische H\u00f6hepunkt dieses Ausflugs. Tags drauf war man musikalisch gefordert: mitten auf einer gr\u00fcnen Wiese wurde vor zahlreichen Zuh\u00f6rern ein erfolgreiches Platzkonzert gegeben. Den Abschluss dieser Konzertreise bildete das Konzert des Landesblasorchester Baden-W\u00fcrttemberg, bei dem man als Zuh\u00f6rer daran teilnehmen konnte.<\/p>\n<h2>Der eigenst\u00e4ndige Verein<\/h2>\n<p>Im Jahre 2011 wurde die Bl\u00e4serjugend vereinstechnisch neu organisiert. Aufgrund einiger Auflagen vom Finanzamt wurde eine erneute Umstrukturierung erforderlich. Die Bl\u00e4serjugend gab sich bei der ersten eigenst\u00e4ndigen Generalversammlung eine neue Satzung und hei\u00dft seit Januar 2011 nun \u201eBl\u00e4serjugend Weilersbach e.V.\u201c Die wichtigsten Positionen mussten zudem neu besetzt werden: 1. Vorsitzender wurde Clemens Schey, Schriftf\u00fchrer wurde Stefanie Krotzki, als Beisitzer wurden Dominik Nagel und Marcel Heini gew\u00e4hlt. Der Posten des Kassiers wird weiterhin in Personalunion vom Mutterverein wahrgenommen.<\/p>\n<p>2013 konnte die Bl\u00e4serjugend ihr 25-j\u00e4hriges Jubil\u00e4um feiern. Die Feierlichkeiten wurden aus organisatorischen und personellen Gr\u00fcnden mit dem Jubil\u00e4umsfest zum 125-j\u00e4hrigen Geburtstag des Musikvereins zusammengelegt. Vom 21.06. bis 24.06.2013 konnten somit auf dem Festplatz an einem Wochenende zwei Jubil\u00e4en gefeiert werden.<\/p>\n<p style=\"text-align: right;\">Harald Schmidt<\/p>\n","protected":false},"excerpt":{"rendered":"<p>Die Geschichte der Bl\u00e4serjugend Weilersbach e. V. Die Urspr\u00fcnge Die Jugendarbeit wurde im Musikverein Weilersbach seit jeher gro\u00df geschrieben. Bis zur offiziellen Vereinsgr\u00fcndung der Bl\u00e4serjugend Weilersbach fand die Jugendarbeit unter<\/p><\/div>\n<div class=\"blog-btn\"><a href=\"https:\/\/bj-weilersbach.de\/?page_id=210\" class=\"home-blog-btn\">Weiterlesen<\/a><\/p>\n","protected":false},"author":1,"featured_media":0,"parent":144,"menu_order":0,"comment_status":"closed","ping_status":"closed","template":"","meta":{"_lmt_disableupdate":"","_lmt_disable":"","footnotes":""},"class_list":["post-210","page","type-page","status-publish","hentry"],"_links":{"self":[{"href":"https:\/\/bj-weilersbach.de\/index.php?rest_route=\/wp\/v2\/pages\/210","targetHints":{"allow":["GET"]}}],"collection":[{"href":"https:\/\/bj-weilersbach.de\/index.php?rest_route=\/wp\/v2\/pages"}],"about":[{"href":"https:\/\/bj-weilersbach.de\/index.php?rest_route=\/wp\/v2\/types\/page"}],"author":[{"embeddable":true,"href":"https:\/\/bj-weilersbach.de\/index.php?rest_route=\/wp\/v2\/users\/1"}],"replies":[{"embeddable":true,"href":"https:\/\/bj-weilersbach.de\/index.php?rest_route=%2Fwp%2Fv2%2Fcomments&post=210"}],"version-history":[{"count":4,"href":"https:\/\/bj-weilersbach.de\/index.php?rest_route=\/wp\/v2\/pages\/210\/revisions"}],"predecessor-version":[{"id":215,"href":"https:\/\/bj-weilersbach.de\/index.php?rest_route=\/wp\/v2\/pages\/210\/revisions\/215"}],"up":[{"embeddable":true,"href":"https:\/\/bj-weilersbach.de\/index.php?rest_route=\/wp\/v2\/pages\/144"}],"wp:attachment":[{"href":"https:\/\/bj-weilersbach.de\/index.php?rest_route=%2Fwp%2Fv2%2Fmedia&parent=210"}],"curies":[{"name":"wp","href":"https:\/\/api.w.org\/{rel}","templated":true}]}}