{"id":156,"date":"2018-08-12T09:55:45","date_gmt":"2018-08-12T08:55:45","guid":{"rendered":"http:\/\/bj-weilersbach.de\/?page_id=156"},"modified":"2018-08-13T20:36:04","modified_gmt":"2018-08-13T19:36:04","slug":"dirigent","status":"publish","type":"page","link":"https:\/\/bj-weilersbach.de\/?page_id=156","title":{"rendered":"Dirigent"},"content":{"rendered":"<h1 style=\"text-align: center;\"><img loading=\"lazy\" decoding=\"async\" class=\"size-medium wp-image-159 alignleft\" src=\"http:\/\/bj-weilersbach.de\/wp-content\/uploads\/2018\/08\/ekkehard_stetter_gross-200x300.png\" alt=\"\" width=\"200\" height=\"300\" srcset=\"https:\/\/bj-weilersbach.de\/wp-content\/uploads\/2018\/08\/ekkehard_stetter_gross-200x300.png 200w, https:\/\/bj-weilersbach.de\/wp-content\/uploads\/2018\/08\/ekkehard_stetter_gross.png 653w\" sizes=\"auto, (max-width: 200px) 100vw, 200px\" \/>Der Dirigent der Bl\u00e4serjugend Weilersbach e. V.<\/h1>\n<h1 style=\"text-align: center;\">Ekkehard Stetter<\/h1>\n<hr \/>\n<p>Seit 01.01.2014 ist Ekkehard Stetter Dirigent der Bl\u00e4serjugend und hat damit den Taktstock von Andrea Adler \u00fcbernommen.<\/p>\n<p>&nbsp;<\/p>\n","protected":false},"excerpt":{"rendered":"<p>Der Dirigent der Bl\u00e4serjugend Weilersbach e. V. Ekkehard Stetter Seit 01.01.2014 ist Ekkehard Stetter Dirigent der Bl\u00e4serjugend und hat damit den Taktstock von Andrea Adler \u00fcbernommen. &nbsp;<\/p>\n","protected":false},"author":1,"featured_media":0,"parent":144,"menu_order":0,"comment_status":"closed","ping_status":"closed","template":"","meta":{"_lmt_disableupdate":"","_lmt_disable":"","footnotes":""},"class_list":["post-156","page","type-page","status-publish","hentry"],"_links":{"self":[{"href":"https:\/\/bj-weilersbach.de\/index.php?rest_route=\/wp\/v2\/pages\/156","targetHints":{"allow":["GET"]}}],"collection":[{"href":"https:\/\/bj-weilersbach.de\/index.php?rest_route=\/wp\/v2\/pages"}],"about":[{"href":"https:\/\/bj-weilersbach.de\/index.php?rest_route=\/wp\/v2\/types\/page"}],"author":[{"embeddable":true,"href":"https:\/\/bj-weilersbach.de\/index.php?rest_route=\/wp\/v2\/users\/1"}],"replies":[{"embeddable":true,"href":"https:\/\/bj-weilersbach.de\/index.php?rest_route=%2Fwp%2Fv2%2Fcomments&post=156"}],"version-history":[{"count":3,"href":"https:\/\/bj-weilersbach.de\/index.php?rest_route=\/wp\/v2\/pages\/156\/revisions"}],"predecessor-version":[{"id":165,"href":"https:\/\/bj-weilersbach.de\/index.php?rest_route=\/wp\/v2\/pages\/156\/revisions\/165"}],"up":[{"embeddable":true,"href":"https:\/\/bj-weilersbach.de\/index.php?rest_route=\/wp\/v2\/pages\/144"}],"wp:attachment":[{"href":"https:\/\/bj-weilersbach.de\/index.php?rest_route=%2Fwp%2Fv2%2Fmedia&parent=156"}],"curies":[{"name":"wp","href":"https:\/\/api.w.org\/{rel}","templated":true}]}}