{"id":144,"date":"2018-08-10T17:36:40","date_gmt":"2018-08-10T16:36:40","guid":{"rendered":"http:\/\/bj-weilersbach.de\/?page_id=144"},"modified":"2024-10-10T22:33:52","modified_gmt":"2024-10-10T20:33:52","slug":"ueber-uns","status":"publish","type":"page","link":"https:\/\/bj-weilersbach.de\/?page_id=144","title":{"rendered":"\u00dcber uns"},"content":{"rendered":"\n<h1 class=\"wp-block-heading\">Die Bl\u00e4serjugend Weilersbach e. V.<\/h1>\n\n\n<div class=\"wp-block-image\">\n<figure class=\"aligncenter size-large\"><img loading=\"lazy\" decoding=\"async\" width=\"1024\" height=\"463\" src=\"https:\/\/bj-weilersbach.de\/wp-content\/uploads\/2022\/05\/bj_gruppenbild_2022-e1656359535293-1024x463.jpg\" alt=\"Die Bl\u00e4serjugend im Jahr 2022\" class=\"wp-image-5290\" srcset=\"https:\/\/bj-weilersbach.de\/wp-content\/uploads\/2022\/05\/bj_gruppenbild_2022-e1656359535293-1024x463.jpg 1024w, https:\/\/bj-weilersbach.de\/wp-content\/uploads\/2022\/05\/bj_gruppenbild_2022-e1656359535293-300x136.jpg 300w, https:\/\/bj-weilersbach.de\/wp-content\/uploads\/2022\/05\/bj_gruppenbild_2022-e1656359535293-768x347.jpg 768w, https:\/\/bj-weilersbach.de\/wp-content\/uploads\/2022\/05\/bj_gruppenbild_2022-e1656359535293-1536x695.jpg 1536w, https:\/\/bj-weilersbach.de\/wp-content\/uploads\/2022\/05\/bj_gruppenbild_2022-e1656359535293-2048x926.jpg 2048w\" sizes=\"auto, (max-width: 1024px) 100vw, 1024px\" \/><\/figure>\n<\/div>\n\n\n<p class=\"has-text-align-left\">Im Musikverein Weilersbach e. V. wurde die Jugendarbeit schon fr\u00fcher sehr wichtig genommen. Um die Jugendausbildung noch weiter zu f\u00f6rdern, entschied man sich im Jahr 1987 innerhalb des Musikvereins einen eigenen Verein f\u00fcr die jungen Musiker*innen zu gr\u00fcnden.<\/p>\n\n\n\n<p>Gesagt, getan!<br>Seit 1987 hat sich viel in der Bl\u00e4serjugend getan. Wir bieten ein umfassendes musikalisches Angebot f\u00fcr Kinder, Jugendliche und auch Erwachsene. Dieses reicht \u00fcber die musikalische Fr\u00fcherziehung, den Blockfl\u00f6tenunterricht, bis hin zur professionellen Instrumentenausbildung.<\/p>\n\n\n\n<h2 class=\"wp-block-heading\">Jugendausbildung in der Bl\u00e4serjugend Weilersbach e. V.<\/h2>\n\n\n\n<h3 class=\"wp-block-heading\">Musikalische Fr\u00fchersziehung<\/h3>\n\n\n\n<p>Seit 2020 bieten wir f\u00fcr Kinder ab ca. 4 Jahren bis zum Schuleintritt die Musikalische Fr\u00fcherziehung als erstes &#8222;Musikerleben&#8220; an. In einer gemeinsamen Gruppe von Kindern soll eine spielerische und altersgem\u00e4\u00dfe F\u00f6rderung von Rhythmus und Bewegung stattfinden. Hierf\u00fcr konnten wir eine ausgebildete Musiklehrerin gewinnen.<\/p>\n\n\n\n<h3 class=\"wp-block-heading\">Blockfl\u00f6tenunterricht<\/h3>\n\n\n\n<p>Ab der 1. Klasse wied in Kooperation mit der Grundschule Weilersbach eine Blockfl\u00f6ten-AG mit einer erfahrenen Musiklehrerin angeboten.<\/p>\n\n\n\n<h3 class=\"wp-block-heading\">Instrumentenausbildung<\/h3>\n\n\n\n<p>Nach der Blockfl\u00f6tenausbildung, als Direkteinstieg f\u00fcr Kinder und Jugendliche ab ca. 8 Jahren und selbstverst\u00e4ndlich auch f\u00fcr Erwachsene, bieten wir \u00fcber professionelle Musiklehrer*innen (zumeist Musikakademie VS) Unterricht auf allen unseren Blas- und Schlaginstrumenten an.<\/p>\n\n\n\n<figure class=\"wp-block-image size-large\"><img loading=\"lazy\" decoding=\"async\" width=\"1024\" height=\"328\" src=\"https:\/\/bj-weilersbach.de\/wp-content\/uploads\/2024\/10\/grafik-1024x328.png\" alt=\"\" class=\"wp-image-5504\" srcset=\"https:\/\/bj-weilersbach.de\/wp-content\/uploads\/2024\/10\/grafik-1024x328.png 1024w, https:\/\/bj-weilersbach.de\/wp-content\/uploads\/2024\/10\/grafik-300x96.png 300w, https:\/\/bj-weilersbach.de\/wp-content\/uploads\/2024\/10\/grafik-768x246.png 768w, https:\/\/bj-weilersbach.de\/wp-content\/uploads\/2024\/10\/grafik.png 1043w\" sizes=\"auto, (max-width: 1024px) 100vw, 1024px\" \/><\/figure>\n\n\n\n<h2 class=\"wp-block-heading\">Wie geht es nach der Instrumentenausbildung weiter?<\/h2>\n\n\n\n<h3 class=\"wp-block-heading\">Jugendorchester<\/h3>\n\n\n\n<p>Nachdem Du ca. zwei Jahre Unterricht auf Deinem Blas- oder Schlaginstrument hattest, kannst Du im gemeinsamen Jugendorchester der Bl\u00e4serjugend Weilersbach e. V. und der Bl\u00e4serjugend Dauchingen e. V. mitspielen. Neben unseren w\u00f6chentlichen Proben haben wir auch einige  Auftritte, an denen wir unsere F\u00e4higkeiten unter Beweis stellen k\u00f6nnen.<\/p>\n\n\n\n<h3 class=\"wp-block-heading\">Musikverein Weilersbach e. V.<\/h3>\n\n\n\n<p>Nach einiger Zeit steht Dir dann nat\u00fcrlich auch der Weg in das gro\u00dfe Orchester des Musikverein Weilersbach e. V. offen.<\/p>\n\n\n\n<figure class=\"wp-block-image size-large\"><img loading=\"lazy\" decoding=\"async\" width=\"1024\" height=\"573\" src=\"https:\/\/bj-weilersbach.de\/wp-content\/uploads\/2024\/10\/grafik-1-1024x573.png\" alt=\"\" class=\"wp-image-5506\" srcset=\"https:\/\/bj-weilersbach.de\/wp-content\/uploads\/2024\/10\/grafik-1-1024x573.png 1024w, https:\/\/bj-weilersbach.de\/wp-content\/uploads\/2024\/10\/grafik-1-300x168.png 300w, https:\/\/bj-weilersbach.de\/wp-content\/uploads\/2024\/10\/grafik-1-768x429.png 768w, https:\/\/bj-weilersbach.de\/wp-content\/uploads\/2024\/10\/grafik-1.png 1048w\" sizes=\"auto, (max-width: 1024px) 100vw, 1024px\" \/><\/figure>\n\n\n\n<h2 class=\"wp-block-heading\">Unser Vereinsleben<\/h2>\n\n\n\n<p>Neben der musikalischen Ausbildung d\u00fcrfen nat\u00fcrlich auch gemeinsame Ausfl\u00fcge, H\u00fcttenwochenenden oder Weihnachtsfeiern nicht zu kurz kommen.<\/p>\n\n\n\n<p>Immer wieder finden auch gemeinsame Aktionen mit dem Musikverein statt, wie beispielsweise der Familientag oder eine Fahrt auf den Weihnachtsmarkt.<\/p>\n\n\n\n<p>F\u00fcr sch\u00f6ne gemeinsame Erinnerungen ist auf alle F\u00e4lle gesorgt!<\/p>\n\n\n\n<figure class=\"wp-block-image size-large\"><img loading=\"lazy\" decoding=\"async\" width=\"1024\" height=\"686\" src=\"https:\/\/bj-weilersbach.de\/wp-content\/uploads\/2024\/10\/grafik-2-1024x686.png\" alt=\"\" class=\"wp-image-5507\" srcset=\"https:\/\/bj-weilersbach.de\/wp-content\/uploads\/2024\/10\/grafik-2-1024x686.png 1024w, https:\/\/bj-weilersbach.de\/wp-content\/uploads\/2024\/10\/grafik-2-300x201.png 300w, https:\/\/bj-weilersbach.de\/wp-content\/uploads\/2024\/10\/grafik-2-768x515.png 768w, https:\/\/bj-weilersbach.de\/wp-content\/uploads\/2024\/10\/grafik-2.png 1040w\" sizes=\"auto, (max-width: 1024px) 100vw, 1024px\" \/><\/figure>\n\n\n\n<h2 class=\"wp-block-heading\">Kontakt<\/h2>\n\n\n\n<p>Haben wir Dein Interesse geweckt oder hast Du weitere Fragen?<\/p>\n\n\n\n<p>Melde Dich einfach unter <strong><a href=\"mailto:jugendausbildung@bj-weilersbach.de\">jugendausbildung@bj-weilersbach.de<\/a> <\/strong><\/p>\n\n\n\n<p>Wir freuen uns auf Dich!<\/p>\n\n\n\n<div class=\"wp-block-buttons is-content-justification-center is-layout-flex wp-container-core-buttons-is-layout-16018d1d wp-block-buttons-is-layout-flex\">\n<div class=\"wp-block-button\"><a class=\"wp-block-button__link has-text-align-center wp-element-button\" href=\"https:\/\/bj-weilersbach.de\/wp-content\/uploads\/2024\/10\/Flyer_BJ.pdf\">Download Flyer<\/a><\/div>\n<\/div>\n","protected":false},"excerpt":{"rendered":"<p>Die Bl\u00e4serjugend Weilersbach e. V. Im Musikverein Weilersbach e. V. wurde die Jugendarbeit schon fr\u00fcher sehr wichtig genommen. Um die Jugendausbildung noch weiter zu f\u00f6rdern, entschied man sich im Jahr<\/p><\/div>\n<div class=\"blog-btn\"><a href=\"https:\/\/bj-weilersbach.de\/?page_id=144\" class=\"home-blog-btn\">Weiterlesen<\/a><\/p>\n","protected":false},"author":1,"featured_media":0,"parent":0,"menu_order":0,"comment_status":"closed","ping_status":"closed","template":"","meta":{"_lmt_disableupdate":"","_lmt_disable":"","footnotes":""},"class_list":["post-144","page","type-page","status-publish","hentry"],"_links":{"self":[{"href":"https:\/\/bj-weilersbach.de\/index.php?rest_route=\/wp\/v2\/pages\/144","targetHints":{"allow":["GET"]}}],"collection":[{"href":"https:\/\/bj-weilersbach.de\/index.php?rest_route=\/wp\/v2\/pages"}],"about":[{"href":"https:\/\/bj-weilersbach.de\/index.php?rest_route=\/wp\/v2\/types\/page"}],"author":[{"embeddable":true,"href":"https:\/\/bj-weilersbach.de\/index.php?rest_route=\/wp\/v2\/users\/1"}],"replies":[{"embeddable":true,"href":"https:\/\/bj-weilersbach.de\/index.php?rest_route=%2Fwp%2Fv2%2Fcomments&post=144"}],"version-history":[{"count":8,"href":"https:\/\/bj-weilersbach.de\/index.php?rest_route=\/wp\/v2\/pages\/144\/revisions"}],"predecessor-version":[{"id":5508,"href":"https:\/\/bj-weilersbach.de\/index.php?rest_route=\/wp\/v2\/pages\/144\/revisions\/5508"}],"wp:attachment":[{"href":"https:\/\/bj-weilersbach.de\/index.php?rest_route=%2Fwp%2Fv2%2Fmedia&parent=144"}],"curies":[{"name":"wp","href":"https:\/\/api.w.org\/{rel}","templated":true}]}}